{"id":309,"date":"2020-01-13T11:17:52","date_gmt":"2020-01-13T11:17:52","guid":{"rendered":"https:\/\/demosites.io\/web-agency-gb\/?page_id=5"},"modified":"2025-10-26T11:01:50","modified_gmt":"2025-10-26T11:01:50","slug":"hjem","status":"publish","type":"page","link":"https:\/\/ingo-va.no\/","title":{"rendered":"Hjem"},"content":{"rendered":"\n<div style=\"height:30px\" aria-hidden=\"true\" class=\"wp-block-spacer\"><\/div>\n\n\n\n<h3 class=\"wp-block-heading has-text-align-center\" id=\"h-patentert-losning-sikker-arbeidsplass\">Patentert l\u00f8sning, sikker arbeidsplass<\/h3>\n\n\n\n<p class=\"has-text-align-center\">En unik l\u00f8sning som sikrer din arbeidsplass og som benyttes for nedstigning og evakuering i vann- og avl\u00f8pskum<\/p>\n\n\n\n<iframe loading=\"lazy\" width=\"100%\" height=\"650\" src=\"https:\/\/www.youtube.com\/embed\/LIL8vjZqrPg?si=8AtmKdiqK323fSSF&#038;autoplay=1&#038;mute=1&#038;playlist=LIL8vjZqrPg&#038;loop=1&amp;controls=0\" title=\"YouTube video player\" frameborder=\"0\" allow=\"accelerometer; autoplay; clipboard-write; encrypted-media; gyroscope; picture-in-picture; web-share\" referrerpolicy=\"strict-origin-when-cross-origin\" allowfullscreen><\/iframe>\n\n\n\n<div class=\"wp-block-cover alignfull\" style=\"min-height:600px;aspect-ratio:unset;\"><span aria-hidden=\"true\" class=\"wp-block-cover__background has-nv-light-bg-background-color has-background-dim-100 has-background-dim\"><\/span><div class=\"wp-block-cover__inner-container is-layout-flow wp-block-cover-is-layout-flow\">\n<div class=\"wp-block-group\"><div class=\"wp-block-group__inner-container is-layout-flow wp-block-group-is-layout-flow\">\n<div style=\"height:80px\" aria-hidden=\"true\" class=\"wp-block-spacer\"><\/div>\n\n\n\n<div class=\"wp-block-columns are-vertically-aligned-center is-layout-flex wp-container-core-columns-is-layout-9d6595d7 wp-block-columns-is-layout-flex\">\n<div class=\"wp-block-column is-vertically-aligned-center is-layout-flow wp-block-column-is-layout-flow\" style=\"flex-basis:50%\"><div class=\"wp-block-image\">\n<figure class=\"aligncenter size-large is-resized\"><img loading=\"lazy\" decoding=\"async\" width=\"920\" height=\"1024\" src=\"https:\/\/ingo-va.no\/wp-content\/uploads\/2024\/03\/Full_Pakke_kvadrat_png-e1711917357945-920x1024.png\" alt=\"\" class=\"wp-image-557\" style=\"width:427px;height:auto\" srcset=\"https:\/\/ingo-va.no\/wp-content\/uploads\/2024\/03\/Full_Pakke_kvadrat_png-e1711917357945-920x1024.png 920w, https:\/\/ingo-va.no\/wp-content\/uploads\/2024\/03\/Full_Pakke_kvadrat_png-e1711917357945-270x300.png 270w, https:\/\/ingo-va.no\/wp-content\/uploads\/2024\/03\/Full_Pakke_kvadrat_png-e1711917357945-768x855.png 768w, https:\/\/ingo-va.no\/wp-content\/uploads\/2024\/03\/Full_Pakke_kvadrat_png-e1711917357945-1380x1536.png 1380w, https:\/\/ingo-va.no\/wp-content\/uploads\/2024\/03\/Full_Pakke_kvadrat_png-e1711917357945-1840x2048.png 1840w\" sizes=\"auto, (max-width: 920px) 100vw, 920px\" \/><\/figure>\n<\/div><\/div>\n\n\n\n<div class=\"wp-block-column is-vertically-aligned-center is-layout-flow wp-block-column-is-layout-flow\" style=\"flex-basis:50%\">\n<div style=\"height:20px\" aria-hidden=\"true\" class=\"wp-block-spacer\"><\/div>\n\n\n\n<div class=\"wp-block-buttons is-horizontal is-content-justification-center is-layout-flex wp-container-core-buttons-is-layout-499968f5 wp-block-buttons-is-layout-flex\">\n<div class=\"wp-block-button is-style-primary\"><a class=\"wp-block-button__link has-text-align-center wp-element-button\" href=\"https:\/\/ingo-va.no\/index.php\/produkter\/\" style=\"border-style:none;border-width:0px;border-radius:0px\">V\u00e5re produkter<\/a><\/div>\n<\/div>\n<\/div>\n<\/div>\n\n\n\n<p><\/p>\n\n\n\n<div style=\"height:40px\" aria-hidden=\"true\" class=\"wp-block-spacer\"><\/div>\n<\/div><\/div>\n\n\n\n<div class=\"wp-block-group has-nv-light-bg-background-color has-background\"><div class=\"wp-block-group__inner-container is-layout-constrained wp-block-group-is-layout-constrained\">\n<div class=\"wp-block-columns is-layout-flex wp-container-core-columns-is-layout-9d6595d7 wp-block-columns-is-layout-flex\">\n<div class=\"wp-block-column is-layout-flow wp-block-column-is-layout-flow\" style=\"flex-basis:100%\">\n<div style=\"height:20px\" aria-hidden=\"true\" class=\"wp-block-spacer\"><\/div>\n\n\n\n<h2 class=\"wp-block-heading has-text-align-center has-neve-text-color-color has-text-color\" id=\"h-vi-er-opptatt-av-sikkerhet\">Vi er opptatt av sikkerhet<\/h2>\n\n\n\n<p class=\"has-text-align-center has-neve-text-color-color has-text-color\" style=\"font-size:17px\">Det skal v\u00e6re trygt for v\u00e5re kunder \u00e5 benytte seg av IN-GO ringen. Derfor har vi utarbeidet datablad for hvert produkt. Dette for \u00e5 gi deg ytterligere informasjon om sikkerhet, bruk og tekniske data.<\/p>\n\n\n\n<div class=\"wp-block-buttons is-horizontal is-content-justification-center is-layout-flex wp-container-core-buttons-is-layout-499968f5 wp-block-buttons-is-layout-flex\">\n<div class=\"wp-block-button is-style-primary\"><a class=\"wp-block-button__link has-text-align-center wp-element-button\" href=\"https:\/\/ingo-va.no\/index.php\/dokumentasjon\/\">Les mer<\/a><\/div>\n<\/div>\n<\/div>\n<\/div>\n\n\n\n<div style=\"height:0px;width:0px\" aria-hidden=\"true\" class=\"wp-block-spacer\"><\/div>\n<\/div><\/div>\n\n\n\n<div style=\"height:38px\" aria-hidden=\"true\" class=\"wp-block-spacer\"><\/div>\n<\/div><\/div>\n\n\n\n<div style=\"height:65px\" aria-hidden=\"true\" class=\"wp-block-spacer\"><\/div>\n\n\n\n<div class=\"wp-block-columns is-layout-flex wp-container-core-columns-is-layout-9d6595d7 wp-block-columns-is-layout-flex\">\n<div class=\"wp-block-column is-layout-flow wp-block-column-is-layout-flow\">\n<figure class=\"wp-block-image size-large\"><img loading=\"lazy\" decoding=\"async\" width=\"768\" height=\"1024\" src=\"https:\/\/ingo-va.no\/wp-content\/uploads\/2025\/10\/IMG_1731_compressed-2-768x1024.jpg\" alt=\"\" class=\"wp-image-922\" srcset=\"https:\/\/ingo-va.no\/wp-content\/uploads\/2025\/10\/IMG_1731_compressed-2-768x1024.jpg 768w, https:\/\/ingo-va.no\/wp-content\/uploads\/2025\/10\/IMG_1731_compressed-2-225x300.jpg 225w, https:\/\/ingo-va.no\/wp-content\/uploads\/2025\/10\/IMG_1731_compressed-2-1152x1536.jpg 1152w, https:\/\/ingo-va.no\/wp-content\/uploads\/2025\/10\/IMG_1731_compressed-2.jpg 1536w\" sizes=\"auto, (max-width: 768px) 100vw, 768px\" \/><\/figure>\n<\/div>\n\n\n\n<div class=\"wp-block-column is-layout-flow wp-block-column-is-layout-flow\">\n<figure class=\"wp-block-image size-large\"><img loading=\"lazy\" decoding=\"async\" width=\"768\" height=\"1024\" src=\"https:\/\/ingo-va.no\/wp-content\/uploads\/2025\/10\/IMG_1684_compressed-2-768x1024.jpg\" alt=\"\" class=\"wp-image-923\" srcset=\"https:\/\/ingo-va.no\/wp-content\/uploads\/2025\/10\/IMG_1684_compressed-2-768x1024.jpg 768w, https:\/\/ingo-va.no\/wp-content\/uploads\/2025\/10\/IMG_1684_compressed-2-225x300.jpg 225w, https:\/\/ingo-va.no\/wp-content\/uploads\/2025\/10\/IMG_1684_compressed-2-1152x1536.jpg 1152w, https:\/\/ingo-va.no\/wp-content\/uploads\/2025\/10\/IMG_1684_compressed-2.jpg 1536w\" sizes=\"auto, (max-width: 768px) 100vw, 768px\" \/><\/figure>\n<\/div>\n\n\n\n<div class=\"wp-block-column is-layout-flow wp-block-column-is-layout-flow\">\n<p><strong>Siste nytt fra IN-GO VA <br><\/strong><br>IN-GO VA var til stede p\u00e5 Vatten 2025 i G\u00f6teborg &#8211; Sveriges st\u00f8rste m\u00f8teplass for vann- og avl\u00f8psbransjen.<br><br>Gjennom tre dager fikk vi vist frem v\u00e5rt nye produkt: Personl\u00f8fteren.<br><br>V\u00e5r salgssjef Martin Rud hadde f\u00f8lgende \u00e5 si etter tre innholdsrike dager (kort fortalt): <br><em>&laquo;Det er g\u00f8y \u00e5 se at det er s\u00e5 stor interesse for innovative l\u00f8sninger fra IN-GO VA.&raquo;<\/em><\/p>\n<\/div>\n<\/div>\n\n\n\n<div style=\"height:70px\" aria-hidden=\"true\" class=\"wp-block-spacer\"><\/div>\n\n\n\n<div class=\"wp-block-columns is-layout-flex wp-container-core-columns-is-layout-9d6595d7 wp-block-columns-is-layout-flex\">\n<div class=\"wp-block-column is-layout-flow wp-block-column-is-layout-flow\">\n<div class=\"wp-block-group is-vertical is-content-justification-left is-layout-flex wp-container-core-group-is-layout-adc7e0b5 wp-block-group-is-layout-flex\">\n<figure class=\"wp-block-image size-full is-resized\"><img loading=\"lazy\" decoding=\"async\" width=\"972\" height=\"305\" src=\"https:\/\/ingo-va.no\/wp-content\/uploads\/2024\/03\/Logo_uten-ring_bold-1024x306-4-e1711635903928.png\" alt=\"\" class=\"wp-image-377\" style=\"width:227px;height:auto\" srcset=\"https:\/\/ingo-va.no\/wp-content\/uploads\/2024\/03\/Logo_uten-ring_bold-1024x306-4-e1711635903928.png 972w, https:\/\/ingo-va.no\/wp-content\/uploads\/2024\/03\/Logo_uten-ring_bold-1024x306-4-e1711635903928-300x94.png 300w, https:\/\/ingo-va.no\/wp-content\/uploads\/2024\/03\/Logo_uten-ring_bold-1024x306-4-e1711635903928-768x241.png 768w\" sizes=\"auto, (max-width: 972px) 100vw, 972px\" \/><\/figure>\n\n\n\n<p>Toker\u00f8dveien 15,<br>3185 Skoppum, Norge<br>Telefon: 400 88 405<br>E-post: <a data-type=\"page\" data-id=\"75\" href=\"https:\/\/ingo-va.no\/index.php\/15c42-web-agency-gb-contact-us\/\">Send e-post<\/a><\/p>\n\n\n\n<p><br><a href=\"https:\/\/ingo-va.no\/index.php\/privacy-policy\/\" data-type=\"page\" data-id=\"3\">Personvernpolicy<\/a><\/p>\n\n\n\n<p><a href=\"https:\/\/ingo-va.no\/index.php\/salgs-og-leveringsbetingelser\/\">Salgs- og leveringsbetingelser<\/a><\/p>\n<\/div>\n<\/div>\n\n\n\n<div class=\"wp-block-column is-vertically-aligned-center is-layout-flow wp-block-column-is-layout-flow\"><\/div>\n<\/div>\n","protected":false},"excerpt":{"rendered":"<p>Patentert l\u00f8sning, sikker arbeidsplass En unik l\u00f8sning som sikrer din arbeidsplass og som benyttes for nedstigning og evakuering i vann- og avl\u00f8pskum Siste nytt fra IN-GO VA IN-GO VA var til stede p\u00e5 Vatten 2025 i G\u00f6teborg &#8211; Sveriges st\u00f8rste m\u00f8teplass for vann- og avl\u00f8psbransjen. Gjennom tre dager fikk vi vist frem v\u00e5rt nye produkt:&hellip;&nbsp;<a href=\"https:\/\/ingo-va.no\/\" class=\"\" rel=\"bookmark\">Les mer &raquo;<span class=\"screen-reader-text\">Hjem<\/span><\/a><\/p>\n","protected":false},"author":1,"featured_media":709,"parent":0,"menu_order":0,"comment_status":"closed","ping_status":"closed","template":"","meta":{"_monsterinsights_skip_tracking":false,"_monsterinsights_sitenote_active":false,"_monsterinsights_sitenote_note":"","_monsterinsights_sitenote_category":0,"neve_meta_sidebar":"default","neve_meta_container":"default","neve_meta_enable_content_width":"on","neve_meta_content_width":100,"neve_meta_title_alignment":"","neve_meta_author_avatar":"","neve_post_elements_order":"","neve_meta_disable_header":"","neve_meta_disable_footer":"","neve_meta_disable_title":"on","_themeisle_gutenberg_block_has_review":false,"footnotes":""},"class_list":["post-309","page","type-page","status-publish","has-post-thumbnail","hentry"],"yoast_head":"<!-- This site is optimized with the Yoast SEO Premium plugin v22.4 (Yoast SEO v26.8) - https:\/\/yoast.com\/product\/yoast-seo-premium-wordpress\/ -->\n<title>Hjem - IN-GO VA AS<\/title>\n<meta name=\"robots\" content=\"index, follow, max-snippet:-1, max-image-preview:large, max-video-preview:-1\" \/>\n<link rel=\"canonical\" href=\"https:\/\/ingo-va.no\/\" \/>\n<meta property=\"og:locale\" content=\"nb_NO\" \/>\n<meta property=\"og:type\" content=\"article\" \/>\n<meta property=\"og:title\" content=\"In-Go VA AS\" \/>\n<meta property=\"og:description\" content=\"En unik l\u00f8sning som sikrer din arbeidsplass og som benyttes for nedstigning og evakuering i vann- og avl\u00f8pskum.\" \/>\n<meta property=\"og:url\" content=\"https:\/\/ingo-va.no\/\" \/>\n<meta property=\"og:site_name\" content=\"IN-GO VA AS\" \/>\n<meta property=\"article:modified_time\" content=\"2025-10-26T11:01:50+00:00\" \/>\n<meta property=\"og:image\" content=\"https:\/\/ingo-va.no\/wp-content\/uploads\/2024\/03\/cropped-Ring_png.png\" \/>\n\t<meta property=\"og:image:width\" content=\"512\" \/>\n\t<meta property=\"og:image:height\" content=\"512\" \/>\n\t<meta property=\"og:image:type\" content=\"image\/png\" \/>\n<meta name=\"twitter:card\" content=\"summary_large_image\" \/>\n<meta name=\"twitter:title\" content=\"Hjem In-Go VA AS\" \/>\n<meta name=\"twitter:image\" content=\"https:\/\/ingo-va.no\/wp-content\/uploads\/2024\/03\/cropped-Ring_png.png\" \/>\n<meta name=\"twitter:label1\" content=\"Ansl. lesetid\" \/>\n\t<meta name=\"twitter:data1\" content=\"2 minutter\" \/>\n<script type=\"application\/ld+json\" class=\"yoast-schema-graph\">{\"@context\":\"https:\/\/schema.org\",\"@graph\":[{\"@type\":\"WebPage\",\"@id\":\"https:\/\/ingo-va.no\/\",\"url\":\"https:\/\/ingo-va.no\/\",\"name\":\"Hjem - IN-GO VA AS\",\"isPartOf\":{\"@id\":\"https:\/\/ingo-va.no\/#website\"},\"primaryImageOfPage\":{\"@id\":\"https:\/\/ingo-va.no\/#primaryimage\"},\"image\":{\"@id\":\"https:\/\/ingo-va.no\/#primaryimage\"},\"thumbnailUrl\":\"https:\/\/ingo-va.no\/wp-content\/uploads\/2024\/03\/cropped-Ring_png.png\",\"datePublished\":\"2020-01-13T11:17:52+00:00\",\"dateModified\":\"2025-10-26T11:01:50+00:00\",\"breadcrumb\":{\"@id\":\"https:\/\/ingo-va.no\/#breadcrumb\"},\"inLanguage\":\"nb-NO\",\"potentialAction\":[{\"@type\":\"ReadAction\",\"target\":[\"https:\/\/ingo-va.no\/\"]}]},{\"@type\":\"ImageObject\",\"inLanguage\":\"nb-NO\",\"@id\":\"https:\/\/ingo-va.no\/#primaryimage\",\"url\":\"https:\/\/ingo-va.no\/wp-content\/uploads\/2024\/03\/cropped-Ring_png.png\",\"contentUrl\":\"https:\/\/ingo-va.no\/wp-content\/uploads\/2024\/03\/cropped-Ring_png.png\",\"width\":512,\"height\":512},{\"@type\":\"BreadcrumbList\",\"@id\":\"https:\/\/ingo-va.no\/#breadcrumb\",\"itemListElement\":[{\"@type\":\"ListItem\",\"position\":1,\"name\":\"Hjem\",\"item\":\"https:\/\/ingo-va.no\/\"},{\"@type\":\"ListItem\",\"position\":2,\"name\":\"Hjem\"}]},{\"@type\":\"WebSite\",\"@id\":\"https:\/\/ingo-va.no\/#website\",\"url\":\"https:\/\/ingo-va.no\/\",\"name\":\"In-Go VA AS\",\"description\":\"\",\"publisher\":{\"@id\":\"https:\/\/ingo-va.no\/#organization\"},\"potentialAction\":[{\"@type\":\"SearchAction\",\"target\":{\"@type\":\"EntryPoint\",\"urlTemplate\":\"https:\/\/ingo-va.no\/?s={search_term_string}\"},\"query-input\":{\"@type\":\"PropertyValueSpecification\",\"valueRequired\":true,\"valueName\":\"search_term_string\"}}],\"inLanguage\":\"nb-NO\"},{\"@type\":\"Organization\",\"@id\":\"https:\/\/ingo-va.no\/#organization\",\"name\":\"In-Go VA AS\",\"url\":\"https:\/\/ingo-va.no\/\",\"logo\":{\"@type\":\"ImageObject\",\"inLanguage\":\"nb-NO\",\"@id\":\"https:\/\/ingo-va.no\/#\/schema\/logo\/image\/\",\"url\":\"https:\/\/ingo-va.no\/wp-content\/uploads\/2024\/03\/Logo_uten-ring_bold-1024x306-1.png\",\"contentUrl\":\"https:\/\/ingo-va.no\/wp-content\/uploads\/2024\/03\/Logo_uten-ring_bold-1024x306-1.png\",\"width\":1024,\"height\":306,\"caption\":\"In-Go VA AS\"},\"image\":{\"@id\":\"https:\/\/ingo-va.no\/#\/schema\/logo\/image\/\"}}]}<\/script>\n<!-- \/ Yoast SEO Premium plugin. -->","yoast_head_json":{"title":"Hjem - IN-GO VA AS","robots":{"index":"index","follow":"follow","max-snippet":"max-snippet:-1","max-image-preview":"max-image-preview:large","max-video-preview":"max-video-preview:-1"},"canonical":"https:\/\/ingo-va.no\/","og_locale":"nb_NO","og_type":"article","og_title":"In-Go VA AS","og_description":"En unik l\u00f8sning som sikrer din arbeidsplass og som benyttes for nedstigning og evakuering i vann- og avl\u00f8pskum.","og_url":"https:\/\/ingo-va.no\/","og_site_name":"IN-GO VA AS","article_modified_time":"2025-10-26T11:01:50+00:00","og_image":[{"width":512,"height":512,"url":"https:\/\/ingo-va.no\/wp-content\/uploads\/2024\/03\/cropped-Ring_png.png","type":"image\/png"}],"twitter_card":"summary_large_image","twitter_title":"Hjem In-Go VA AS","twitter_image":"https:\/\/ingo-va.no\/wp-content\/uploads\/2024\/03\/cropped-Ring_png.png","twitter_misc":{"Ansl. lesetid":"2 minutter"},"schema":{"@context":"https:\/\/schema.org","@graph":[{"@type":"WebPage","@id":"https:\/\/ingo-va.no\/","url":"https:\/\/ingo-va.no\/","name":"Hjem - IN-GO VA AS","isPartOf":{"@id":"https:\/\/ingo-va.no\/#website"},"primaryImageOfPage":{"@id":"https:\/\/ingo-va.no\/#primaryimage"},"image":{"@id":"https:\/\/ingo-va.no\/#primaryimage"},"thumbnailUrl":"https:\/\/ingo-va.no\/wp-content\/uploads\/2024\/03\/cropped-Ring_png.png","datePublished":"2020-01-13T11:17:52+00:00","dateModified":"2025-10-26T11:01:50+00:00","breadcrumb":{"@id":"https:\/\/ingo-va.no\/#breadcrumb"},"inLanguage":"nb-NO","potentialAction":[{"@type":"ReadAction","target":["https:\/\/ingo-va.no\/"]}]},{"@type":"ImageObject","inLanguage":"nb-NO","@id":"https:\/\/ingo-va.no\/#primaryimage","url":"https:\/\/ingo-va.no\/wp-content\/uploads\/2024\/03\/cropped-Ring_png.png","contentUrl":"https:\/\/ingo-va.no\/wp-content\/uploads\/2024\/03\/cropped-Ring_png.png","width":512,"height":512},{"@type":"BreadcrumbList","@id":"https:\/\/ingo-va.no\/#breadcrumb","itemListElement":[{"@type":"ListItem","position":1,"name":"Hjem","item":"https:\/\/ingo-va.no\/"},{"@type":"ListItem","position":2,"name":"Hjem"}]},{"@type":"WebSite","@id":"https:\/\/ingo-va.no\/#website","url":"https:\/\/ingo-va.no\/","name":"In-Go VA AS","description":"","publisher":{"@id":"https:\/\/ingo-va.no\/#organization"},"potentialAction":[{"@type":"SearchAction","target":{"@type":"EntryPoint","urlTemplate":"https:\/\/ingo-va.no\/?s={search_term_string}"},"query-input":{"@type":"PropertyValueSpecification","valueRequired":true,"valueName":"search_term_string"}}],"inLanguage":"nb-NO"},{"@type":"Organization","@id":"https:\/\/ingo-va.no\/#organization","name":"In-Go VA AS","url":"https:\/\/ingo-va.no\/","logo":{"@type":"ImageObject","inLanguage":"nb-NO","@id":"https:\/\/ingo-va.no\/#\/schema\/logo\/image\/","url":"https:\/\/ingo-va.no\/wp-content\/uploads\/2024\/03\/Logo_uten-ring_bold-1024x306-1.png","contentUrl":"https:\/\/ingo-va.no\/wp-content\/uploads\/2024\/03\/Logo_uten-ring_bold-1024x306-1.png","width":1024,"height":306,"caption":"In-Go VA AS"},"image":{"@id":"https:\/\/ingo-va.no\/#\/schema\/logo\/image\/"}}]}},"_links":{"self":[{"href":"https:\/\/ingo-va.no\/index.php\/wp-json\/wp\/v2\/pages\/309","targetHints":{"allow":["GET"]}}],"collection":[{"href":"https:\/\/ingo-va.no\/index.php\/wp-json\/wp\/v2\/pages"}],"about":[{"href":"https:\/\/ingo-va.no\/index.php\/wp-json\/wp\/v2\/types\/page"}],"author":[{"embeddable":true,"href":"https:\/\/ingo-va.no\/index.php\/wp-json\/wp\/v2\/users\/1"}],"replies":[{"embeddable":true,"href":"https:\/\/ingo-va.no\/index.php\/wp-json\/wp\/v2\/comments?post=309"}],"version-history":[{"count":83,"href":"https:\/\/ingo-va.no\/index.php\/wp-json\/wp\/v2\/pages\/309\/revisions"}],"predecessor-version":[{"id":928,"href":"https:\/\/ingo-va.no\/index.php\/wp-json\/wp\/v2\/pages\/309\/revisions\/928"}],"wp:featuredmedia":[{"embeddable":true,"href":"https:\/\/ingo-va.no\/index.php\/wp-json\/wp\/v2\/media\/709"}],"wp:attachment":[{"href":"https:\/\/ingo-va.no\/index.php\/wp-json\/wp\/v2\/media?parent=309"}],"curies":[{"name":"wp","href":"https:\/\/api.w.org\/{rel}","templated":true}]}}